{"id":1858,"date":"2023-08-14T09:30:16","date_gmt":"2023-08-14T09:30:16","guid":{"rendered":"https:\/\/www.eselboeck.hr\/?page_id=1858"},"modified":"2023-08-16T09:12:44","modified_gmt":"2023-08-16T09:12:44","slug":"impressum","status":"publish","type":"page","link":"https:\/\/www.eselboeck.hr\/en\/impressum\/","title":{"rendered":"IMPRINT"},"content":{"rendered":"<div data-elementor-type=\"wp-post\" data-elementor-id=\"1858\" class=\"elementor elementor-1858\" data-elementor-post-type=\"page\">\n\t\t\t\t<div class=\"elementor-element elementor-element-c485b07 e-flex e-con-boxed e-con e-parent\" data-id=\"c485b07\" data-element_type=\"container\" data-e-type=\"container\">\n\t\t\t\t\t<div class=\"e-con-inner\">\n\t\t\t\t<div class=\"elementor-element elementor-element-93585b0 elementor-widget elementor-widget-heading\" data-id=\"93585b0\" data-element_type=\"widget\" data-e-type=\"widget\" data-widget_type=\"heading.default\">\n\t\t\t\t<div class=\"elementor-widget-container\">\n\t\t\t\t\t<h2 class=\"elementor-heading-title elementor-size-default\">IMPRINT<\/h2>\t\t\t\t<\/div>\n\t\t\t\t<\/div>\n\t\t\t\t\t<\/div>\n\t\t\t\t<\/div>\n\t\t<div class=\"elementor-element elementor-element-ab13099 e-flex e-con-boxed e-con e-parent\" data-id=\"ab13099\" data-element_type=\"container\" data-e-type=\"container\">\n\t\t\t\t\t<div class=\"e-con-inner\">\n\t\t\t\t<div class=\"elementor-element elementor-element-75402e4 elementor-widget elementor-widget-text-editor\" data-id=\"75402e4\" data-element_type=\"widget\" data-e-type=\"widget\" data-widget_type=\"text-editor.default\">\n\t\t\t\t<div class=\"elementor-widget-container\">\n\t\t\t\t\t\t\t\t\t<p><strong>\u00a0<\/strong><\/p><p><strong>Responsible for the content<\/strong><\/p><p>Villa Evelina<\/p><p>Dobre\u0107, 51415, <br \/>Croatia<\/p><p>Tel.:\u00a0<a href=\"tel:+432685301\">+43 2685 301<\/a><br \/><a href=\"mailto:info@eselboeck.hr\">info@eselboeck.hr<\/a><\/p><p>\u00a0<\/p><p><strong>Booking tool<\/strong><\/p><p>Easybooking<br \/>zadego GmbH<br \/><a class=\"external-link-new-window\" title=\"Opens external link in new window\" href=\"http:\/\/www.easybooking.eu\/\" target=\"_blank\" rel=\"noopener noreferrer\">www.easybooking.eu<\/a>\u00a0<\/p><p>Anton-Melzer-Stra\u00dfe 10<br \/>6020 Innsbruck &#8211; Austria<\/p><p>\u00a0<\/p><p><strong>Content of the online offer<\/strong><\/p><p>The author reserves the right not to be responsible for the topicality, correctness, completeness or quality of the information provided. Liability claims regarding damage caused by the use of any information provided, including any kind of information which is incomplete or incorrect, will therefore be rejected.<\/p>\t\t\t\t\t\t\t\t<\/div>\n\t\t\t\t<\/div>\n\t\t\t\t\t<\/div>\n\t\t\t\t<\/div>\n\t\t<div class=\"elementor-element elementor-element-768b900 e-flex e-con-boxed e-con e-parent\" data-id=\"768b900\" data-element_type=\"container\" data-e-type=\"container\">\n\t\t\t\t\t<div class=\"e-con-inner\">\n\t\t\t\t<div class=\"elementor-element elementor-element-ed009b2 elementor-widget elementor-widget-spacer\" data-id=\"ed009b2\" data-element_type=\"widget\" data-e-type=\"widget\" data-widget_type=\"spacer.default\">\n\t\t\t\t<div class=\"elementor-widget-container\">\n\t\t\t\t\t\t\t<div class=\"elementor-spacer\">\n\t\t\t<div class=\"elementor-spacer-inner\"><\/div>\n\t\t<\/div>\n\t\t\t\t\t\t<\/div>\n\t\t\t\t<\/div>\n\t\t\t\t\t<\/div>\n\t\t\t\t<\/div>\n\t\t\t\t<\/div>","protected":false},"excerpt":{"rendered":"<p>Impressum \u00a0 F\u00fcr den Inhalt verantwortlich Villa Evelina Dobre\u0107, 51415, Kroatien Tel.:\u00a0+43 2685 301info@eselboeck.hr \u00a0 Buchungstool Easybookingzadego GmbHwww.easybooking.eu\u00a0 Anton-Melzer-Stra\u00dfe 106020 Innsbruck &#8211; Austria \u00a0 Inhalt des Online-Angebots Der Autor \u00fcbernimmt keinerlei Gew\u00e4hr f\u00fcr die Aktualit\u00e4t, Korrektheit, Vollst\u00e4ndigkeit oder Qualit\u00e4t der bereitgestellten Informationen. Haftungsanspr\u00fcche gegen den Autor, welche sich auf Sch\u00e4den materieller oder ideeller Art beziehen, [&hellip;]<\/p>","protected":false},"author":1,"featured_media":0,"parent":0,"menu_order":0,"comment_status":"closed","ping_status":"closed","template":"","meta":{"footnotes":""},"class_list":["post-1858","page","type-page","status-publish","hentry"],"_links":{"self":[{"href":"https:\/\/www.eselboeck.hr\/en\/wp-json\/wp\/v2\/pages\/1858","targetHints":{"allow":["GET"]}}],"collection":[{"href":"https:\/\/www.eselboeck.hr\/en\/wp-json\/wp\/v2\/pages"}],"about":[{"href":"https:\/\/www.eselboeck.hr\/en\/wp-json\/wp\/v2\/types\/page"}],"author":[{"embeddable":true,"href":"https:\/\/www.eselboeck.hr\/en\/wp-json\/wp\/v2\/users\/1"}],"replies":[{"embeddable":true,"href":"https:\/\/www.eselboeck.hr\/en\/wp-json\/wp\/v2\/comments?post=1858"}],"version-history":[{"count":25,"href":"https:\/\/www.eselboeck.hr\/en\/wp-json\/wp\/v2\/pages\/1858\/revisions"}],"predecessor-version":[{"id":1908,"href":"https:\/\/www.eselboeck.hr\/en\/wp-json\/wp\/v2\/pages\/1858\/revisions\/1908"}],"wp:attachment":[{"href":"https:\/\/www.eselboeck.hr\/en\/wp-json\/wp\/v2\/media?parent=1858"}],"curies":[{"name":"wp","href":"https:\/\/api.w.org\/{rel}","templated":true}]}}